{"id":84,"date":"2021-04-09T10:33:32","date_gmt":"2021-04-09T13:33:32","guid":{"rendered":"https:\/\/aeropuertochapelco.neuquen.gob.ar\/?page_id=84"},"modified":"2021-06-22T13:29:26","modified_gmt":"2021-06-22T16:29:26","slug":"autos-de-alquiler","status":"publish","type":"page","link":"https:\/\/aeropuertochapelco.neuquen.gob.ar\/index.php\/inicio\/autos-de-alquiler\/","title":{"rendered":"Autos de alquiler"},"content":{"rendered":"\r\n<p>&nbsp;<\/p>\r\n<p>&nbsp;<\/p>\r\n<ul>\r\n<li><img loading=\"lazy\" decoding=\"async\" class=\"size-full wp-image-142 aligncenter\" src=\"https:\/\/aeropuertochapelco.neuquen.gob.ar\/wp-content\/uploads\/2021\/06\/alquiler-de-carros.jpg\" alt=\"\" width=\"300\" height=\"212\" \/><\/li>\r\n<\/ul>\r\n<p>Varias empresas nacionales ofrecen alquileres en el Aeropuerto CHAPELCO. Los mostradores de veh\u00edculos de alquiler se encuentran en el \u00e1rea de arribos de la terminal. La devoluci\u00f3n del coche de alquiler est\u00e1 coordinada con cada empresa, para que se realice fuera del edificio de la terminal. y\/o en el sector determinado por la administraci\u00f3n del Aeropuerto.<\/p>\r\n","protected":false},"excerpt":{"rendered":"<p>&nbsp; &nbsp; Varias empresas nacionales ofrecen alquileres en el Aeropuerto CHAPELCO. Los mostradores de veh\u00edculos de alquiler se encuentran en el \u00e1rea de arribos de la terminal. La devoluci\u00f3n del &#8230;<\/p>\n","protected":false},"author":1,"featured_media":0,"parent":7,"menu_order":0,"comment_status":"closed","ping_status":"closed","template":"","meta":{"footnotes":""},"class_list":["post-84","page","type-page","status-publish","hentry"],"_links":{"self":[{"href":"https:\/\/aeropuertochapelco.neuquen.gob.ar\/index.php\/wp-json\/wp\/v2\/pages\/84"}],"collection":[{"href":"https:\/\/aeropuertochapelco.neuquen.gob.ar\/index.php\/wp-json\/wp\/v2\/pages"}],"about":[{"href":"https:\/\/aeropuertochapelco.neuquen.gob.ar\/index.php\/wp-json\/wp\/v2\/types\/page"}],"author":[{"embeddable":true,"href":"https:\/\/aeropuertochapelco.neuquen.gob.ar\/index.php\/wp-json\/wp\/v2\/users\/1"}],"replies":[{"embeddable":true,"href":"https:\/\/aeropuertochapelco.neuquen.gob.ar\/index.php\/wp-json\/wp\/v2\/comments?post=84"}],"version-history":[{"count":4,"href":"https:\/\/aeropuertochapelco.neuquen.gob.ar\/index.php\/wp-json\/wp\/v2\/pages\/84\/revisions"}],"predecessor-version":[{"id":144,"href":"https:\/\/aeropuertochapelco.neuquen.gob.ar\/index.php\/wp-json\/wp\/v2\/pages\/84\/revisions\/144"}],"up":[{"embeddable":true,"href":"https:\/\/aeropuertochapelco.neuquen.gob.ar\/index.php\/wp-json\/wp\/v2\/pages\/7"}],"wp:attachment":[{"href":"https:\/\/aeropuertochapelco.neuquen.gob.ar\/index.php\/wp-json\/wp\/v2\/media?parent=84"}],"curies":[{"name":"wp","href":"https:\/\/api.w.org\/{rel}","templated":true}]}}