{"id":49,"date":"2021-04-07T11:07:16","date_gmt":"2021-04-07T14:07:16","guid":{"rendered":"https:\/\/aeropuertochapelco.neuquen.gob.ar\/?page_id=49"},"modified":"2021-06-22T13:35:08","modified_gmt":"2021-06-22T16:35:08","slug":"seguridad-aeroportuaria","status":"publish","type":"page","link":"https:\/\/aeropuertochapelco.neuquen.gob.ar\/index.php\/seguridad-aeroportuaria\/","title":{"rendered":"Seguridad Aeroportuaria"},"content":{"rendered":"\r\n<p><img loading=\"lazy\" decoding=\"async\" class=\"size-medium wp-image-14 aligncenter\" src=\"https:\/\/aeropuertochapelco.neuquen.gob.ar\/wp-content\/uploads\/2021\/04\/aeropuerto-chapelco-300x169.jpg\" alt=\"\" width=\"300\" height=\"169\" srcset=\"https:\/\/aeropuertochapelco.neuquen.gob.ar\/wp-content\/uploads\/2021\/04\/aeropuerto-chapelco-300x169.jpg 300w, https:\/\/aeropuertochapelco.neuquen.gob.ar\/wp-content\/uploads\/2021\/04\/aeropuerto-chapelco-768x432.jpg 768w, https:\/\/aeropuertochapelco.neuquen.gob.ar\/wp-content\/uploads\/2021\/04\/aeropuerto-chapelco.jpg 770w\" sizes=\"(max-width: 300px) 100vw, 300px\" \/><\/p>\r\n<p>&nbsp;<\/p>\r\n<p><strong>Entre todos garantizamos la seguridad de la aviaci\u00f3n<\/strong>.<br \/><br \/>La Polic\u00eda de Seguridad Aeron\u00e1utica, (PSA) es la encargada de la seguridad en todo el predio del aeropuerto Chapelco, contando con personal capacitado y entrenado para la detecci\u00f3n de elementos y\/o sustancias prohibidas para el transporte a\u00e9reo.<br \/>As\u00edmismo provee a todo el personal de las aerol\u00edneas, administraci\u00f3n, rentadoras, personal de emergencias de salud, bomberos y arrendatarios de aviaci\u00f3n general que requieren acceso a las propiedades del aeropuerto, de credenciales identificadorias, que forman parte de un programa nacional de identificaci\u00f3n de personas.<\/p>\r\n\r\n\r\n\r\n<p>Localizaci\u00f3n de la oficina<br \/>Al norte por fuera del edificio, llegar\u00e1 a un container de propiedad de la Polic\u00eda de Seguridad Aeron\u00e1utica (PSA) acceder\u00e1 a dicha oficina.<\/p>\r\n\r\n\r\n\r\n<p><strong>Contacto<br \/><\/strong>2972 424973<br \/><a href=\"mailto:shermosilla@psa.gov.ar\" target=\"_blank\" rel=\"noreferrer noopener\">shermosilla@psa.gov.ar<\/a><\/p>\r\n\r\n\r\n\r\n<p><strong>Horas<br \/><\/strong>De lunes a viernes, de<br \/>8 a. 13 .Programe una cita para acreditar.<\/p>\r\n\r\n\r\n\r\n<p>Contacto<br \/>2972 424973<br \/><a href=\"mailto:shermosilla@psa.gov.ar\" target=\"_blank\" rel=\"noreferrer noopener\">shermosilla@psa.gov.ar<\/a><\/p>\r\n","protected":false},"excerpt":{"rendered":"<p>&nbsp; Entre todos garantizamos la seguridad de la aviaci\u00f3n. La Polic\u00eda de Seguridad Aeron\u00e1utica, (PSA) es la encargada de la seguridad en todo el predio del aeropuerto Chapelco, contando con &#8230;<\/p>\n","protected":false},"author":1,"featured_media":0,"parent":0,"menu_order":0,"comment_status":"closed","ping_status":"closed","template":"","meta":{"footnotes":""},"class_list":["post-49","page","type-page","status-publish","hentry"],"_links":{"self":[{"href":"https:\/\/aeropuertochapelco.neuquen.gob.ar\/index.php\/wp-json\/wp\/v2\/pages\/49"}],"collection":[{"href":"https:\/\/aeropuertochapelco.neuquen.gob.ar\/index.php\/wp-json\/wp\/v2\/pages"}],"about":[{"href":"https:\/\/aeropuertochapelco.neuquen.gob.ar\/index.php\/wp-json\/wp\/v2\/types\/page"}],"author":[{"embeddable":true,"href":"https:\/\/aeropuertochapelco.neuquen.gob.ar\/index.php\/wp-json\/wp\/v2\/users\/1"}],"replies":[{"embeddable":true,"href":"https:\/\/aeropuertochapelco.neuquen.gob.ar\/index.php\/wp-json\/wp\/v2\/comments?post=49"}],"version-history":[{"count":4,"href":"https:\/\/aeropuertochapelco.neuquen.gob.ar\/index.php\/wp-json\/wp\/v2\/pages\/49\/revisions"}],"predecessor-version":[{"id":158,"href":"https:\/\/aeropuertochapelco.neuquen.gob.ar\/index.php\/wp-json\/wp\/v2\/pages\/49\/revisions\/158"}],"wp:attachment":[{"href":"https:\/\/aeropuertochapelco.neuquen.gob.ar\/index.php\/wp-json\/wp\/v2\/media?parent=49"}],"curies":[{"name":"wp","href":"https:\/\/api.w.org\/{rel}","templated":true}]}}